{"id":6716,"date":"2024-10-19T15:23:10","date_gmt":"2024-10-19T14:23:10","guid":{"rendered":"https:\/\/www.folhaskimboards.com\/?post_type=product&#038;p=6716"},"modified":"2024-10-19T15:24:49","modified_gmt":"2024-10-19T14:24:49","slug":"x-pro-special-b","status":"publish","type":"product","link":"https:\/\/www.folhaskimboards.com\/es\/loja\/x-pro-special-b\/","title":{"rendered":"X-Pro Special B"},"content":{"rendered":"<p><a href=\"https:\/\/www.folhaskimboards.com\/wp-content\/uploads\/2017\/03\/ARTUR_COSTA2.jpg\" target=\"_blank\" rel=\"noopener noreferrer\"><img class=\"alignnone wp-image-1014\" src=\"https:\/\/www.folhaskimboards.com\/wp-content\/uploads\/2017\/03\/ARTUR_COSTA2-300x123.jpg\" width=\"352\" height=\"144\" srcset=\"https:\/\/www.folhaskimboards.com\/wp-content\/uploads\/2017\/03\/ARTUR_COSTA2-120x49.jpg 120w, https:\/\/www.folhaskimboards.com\/wp-content\/uploads\/2017\/03\/ARTUR_COSTA2-200x82.jpg 200w, https:\/\/www.folhaskimboards.com\/wp-content\/uploads\/2017\/03\/ARTUR_COSTA2-300x123.jpg 300w, https:\/\/www.folhaskimboards.com\/wp-content\/uploads\/2017\/03\/ARTUR_COSTA2-400x164.jpg 400w, https:\/\/www.folhaskimboards.com\/wp-content\/uploads\/2017\/03\/ARTUR_COSTA2-500x205.jpg 500w, https:\/\/www.folhaskimboards.com\/wp-content\/uploads\/2017\/03\/ARTUR_COSTA2-600x246.jpg 600w, https:\/\/www.folhaskimboards.com\/wp-content\/uploads\/2017\/03\/ARTUR_COSTA2-669x272.jpg 669w, https:\/\/www.folhaskimboards.com\/wp-content\/uploads\/2017\/03\/ARTUR_COSTA2-768x314.jpg 768w, https:\/\/www.folhaskimboards.com\/wp-content\/uploads\/2017\/03\/ARTUR_COSTA2-800x328.jpg 800w, https:\/\/www.folhaskimboards.com\/wp-content\/uploads\/2017\/03\/ARTUR_COSTA2.jpg 960w\" sizes=\"(max-width: 352px) 100vw, 352px\" \/><\/a> <a href=\"https:\/\/www.folhaskimboards.com\/wp-content\/uploads\/2017\/03\/ARTUR.jpg\" target=\"_blank\" rel=\"noopener noreferrer\"><img class=\"alignnone wp-image-1017\" src=\"https:\/\/www.folhaskimboards.com\/wp-content\/uploads\/2017\/03\/ARTUR-300x186.jpg\" width=\"233\" height=\"144\" srcset=\"https:\/\/www.folhaskimboards.com\/wp-content\/uploads\/2017\/03\/ARTUR-120x74.jpg 120w, https:\/\/www.folhaskimboards.com\/wp-content\/uploads\/2017\/03\/ARTUR-200x124.jpg 200w, https:\/\/www.folhaskimboards.com\/wp-content\/uploads\/2017\/03\/ARTUR-300x186.jpg 300w, https:\/\/www.folhaskimboards.com\/wp-content\/uploads\/2017\/03\/ARTUR-400x248.jpg 400w, https:\/\/www.folhaskimboards.com\/wp-content\/uploads\/2017\/03\/ARTUR-500x309.jpg 500w, https:\/\/www.folhaskimboards.com\/wp-content\/uploads\/2017\/03\/ARTUR-600x371.jpg 600w, https:\/\/www.folhaskimboards.com\/wp-content\/uploads\/2017\/03\/ARTUR-768x475.jpg 768w, https:\/\/www.folhaskimboards.com\/wp-content\/uploads\/2017\/03\/ARTUR-800x495.jpg 800w, https:\/\/www.folhaskimboards.com\/wp-content\/uploads\/2017\/03\/ARTUR.jpg 960w\" sizes=\"(max-width: 233px) 100vw, 233px\" \/><\/a><\/p>\n<p>El modelo X-PRO SPECIAL tiene un alto rendimiento y con Design (Top &amp; Bottom). Se diferencia del modelo X-PRO porque utilizamos espuma de mayor densidad y resistencia (75 kg). Sus principales caracter\u00edsticas son:<br \/>\n1) Shape Hybrid<br \/>\n2) Polyvinil Airex C70 con 75 Kg de densidad<br \/>\n3) 18mm shaped de espesor<br \/>\n4) Carbono (Bottom)<br \/>\n5) Stringer Blank<br \/>\n6) Reforced Tail &amp; Nose<br \/>\n7) Acabamiento Texturado Especial<\/p>\n<p>Tiene un gran manejo en cualquier tipo de mar y debido a su l\u00ednea de curvatura progresivamente desarrollado por nuestra marca alcanzar\u00e1 las olas con mayor facilidad y navegar por ellas con mayor fluidez, velocidad y control.<\/p>\n<p><strong>Materiales: <\/strong><br \/>\nPolyvinil Airex C70 con 75Kg de densidad.<br \/>\nModelo fabricado con resina poli\u00e9ster, fibra de vidro E-Glass y fibra de Carbono.<\/p>\n<p><strong>Infos Materiales:<\/strong><\/p>\n<p><a href=\"http:\/\/www.3accorematerials.com\/products\/airex\/airexreg-c70.html\" target=\"_blank\" rel=\"noopener noreferrer\">http:\/\/www.3accorematerials.com\/products\/airex\/airexreg-c70.html<\/a><\/p>\n<p><strong>Peso de la Tabla:\u00a0<\/strong>1,8 Kg &#8211; 2,2 Kg<\/p>\n<p><span style=\"color: #ff0000;\"><strong>Nota:<\/strong><\/span><br \/>\n<span style=\"color: #ff0000;\">Si deseas este modelo con otro dise\u00f1o o pintura que est\u00e9 disponible en el modelo PRORIDER y\/o poner un nombre personalizado en la tabla, ind\u00edcalo en tus comentarios. No tienen costes adicionales.<\/span><\/p>\n<p><strong>Consulte \u201cPol\u00edtica y Garant\u00edas de la marca\u201d en el link FAQ<\/strong><\/p>\n","protected":false},"excerpt":{"rendered":"<p class=\"p1\"><strong>Modelo indicado para skimers avanzados y competici\u00f3n.<\/strong><\/p>\n<p><em>Ver caracter\u00edsticas en \u00abm\u00e1s informaci\u00f3n\u00bb al final de la p\u00e1gina.<\/em><\/p>\n<p><img class=\"alignnone size-medium wp-image-6590\" src=\"https:\/\/www.folhaskimboards.com\/wp-content\/uploads\/2017\/03\/Airex-SRR-300x77.jpg\" alt=\"\" width=\"300\" height=\"77\" srcset=\"https:\/\/www.folhaskimboards.com\/wp-content\/uploads\/2017\/03\/Airex-SRR-200x51.jpg 200w, https:\/\/www.folhaskimboards.com\/wp-content\/uploads\/2017\/03\/Airex-SRR-300x77.jpg 300w, https:\/\/www.folhaskimboards.com\/wp-content\/uploads\/2017\/03\/Airex-SRR-400x103.jpg 400w, https:\/\/www.folhaskimboards.com\/wp-content\/uploads\/2017\/03\/Airex-SRR.jpg 499w\" sizes=\"(max-width: 300px) 100vw, 300px\" \/><\/p>\n<p>Todas nuestras tablas est\u00e1n fabricadas con espuma de polivinilo de la marca suiza AIREX y est\u00e1n reforzadas en la zona del rails por un innovador sistema SRR desarrollado por nuestra marca, haci\u00e9ndolas pr\u00e1cticamente irrompibles.<\/p>\n<p><span style=\"color: #0000ff;\"><em>Ver tablas disponibles en el men\u00fa \u201c<strong>StockBoards<\/strong>\u201d e informaci\u00f3n en el men\u00fa \u201c<strong>Promociones<\/strong>\u201d<\/em><\/span><\/p>\n","protected":false},"featured_media":6719,"template":"","meta":[],"product_cat":[20],"product_tag":[],"yoast_head":"<!-- This site is optimized with the Yoast SEO plugin v17.0 - https:\/\/yoast.com\/wordpress\/plugins\/seo\/ -->\n<title>X-Pro Special B - Folha Skim Boards<\/title>\n<meta name=\"robots\" content=\"index, follow, max-snippet:-1, max-image-preview:large, max-video-preview:-1\" \/>\n<link rel=\"canonical\" href=\"https:\/\/www.folhaskimboards.com\/es\/loja\/x-pro-special-b\/\" \/>\n<meta property=\"og:locale\" content=\"es_ES\" \/>\n<meta property=\"og:type\" content=\"article\" \/>\n<meta property=\"og:title\" content=\"X-Pro Special B - Folha Skim Boards\" \/>\n<meta property=\"og:description\" content=\"Modelo indicado para skimers avanzados y competici\u00f3n. Ver caracter\u00edsticas en \u00abm\u00e1s informaci\u00f3n\u00bb al final de la p\u00e1gina.    Todas nuestras tablas est\u00e1n fabricadas con espuma de polivinilo de la marca suiza AIREX y est\u00e1n reforzadas en la zona del rails por un innovador sistema SRR desarrollado por nuestra marca, haci\u00e9ndolas pr\u00e1cticamente irrompibles.  Ver tablas disponibles en el men\u00fa \u201cStockBoards\u201d e informaci\u00f3n en el men\u00fa \u201cPromociones\u201d\" \/>\n<meta property=\"og:url\" content=\"https:\/\/www.folhaskimboards.com\/es\/loja\/x-pro-special-b\/\" \/>\n<meta property=\"og:site_name\" content=\"Folha Skim Boards\" \/>\n<meta property=\"article:modified_time\" content=\"2024-10-19T14:24:49+00:00\" \/>\n<meta property=\"og:image\" content=\"https:\/\/www.folhaskimboards.com\/wp-content\/uploads\/2024\/10\/x-pro-special-NOVO-B.jpg\" \/>\n\t<meta property=\"og:image:width\" content=\"600\" \/>\n\t<meta property=\"og:image:height\" content=\"600\" \/>\n<meta name=\"twitter:card\" content=\"summary_large_image\" \/>\n<meta name=\"twitter:label1\" content=\"Tiempo de lectura\" \/>\n\t<meta name=\"twitter:data1\" content=\"2 minutos\" \/>\n<script type=\"application\/ld+json\" class=\"yoast-schema-graph\">{\"@context\":\"https:\/\/schema.org\",\"@graph\":[{\"@type\":\"WebSite\",\"@id\":\"https:\/\/www.folhaskimboards.com\/#website\",\"url\":\"https:\/\/www.folhaskimboards.com\/\",\"name\":\"Folha Skim Boards\",\"description\":\"\",\"potentialAction\":[{\"@type\":\"SearchAction\",\"target\":{\"@type\":\"EntryPoint\",\"urlTemplate\":\"https:\/\/www.folhaskimboards.com\/?s={search_term_string}\"},\"query-input\":\"required name=search_term_string\"}],\"inLanguage\":\"es\"},{\"@type\":\"ImageObject\",\"@id\":\"https:\/\/www.folhaskimboards.com\/es\/loja\/x-pro-special-b\/#primaryimage\",\"inLanguage\":\"es\",\"url\":\"https:\/\/www.folhaskimboards.com\/wp-content\/uploads\/2024\/10\/x-pro-special-NOVO-B.jpg\",\"contentUrl\":\"https:\/\/www.folhaskimboards.com\/wp-content\/uploads\/2024\/10\/x-pro-special-NOVO-B.jpg\",\"width\":600,\"height\":600},{\"@type\":\"WebPage\",\"@id\":\"https:\/\/www.folhaskimboards.com\/es\/loja\/x-pro-special-b\/#webpage\",\"url\":\"https:\/\/www.folhaskimboards.com\/es\/loja\/x-pro-special-b\/\",\"name\":\"X-Pro Special B - Folha Skim Boards\",\"isPartOf\":{\"@id\":\"https:\/\/www.folhaskimboards.com\/#website\"},\"primaryImageOfPage\":{\"@id\":\"https:\/\/www.folhaskimboards.com\/es\/loja\/x-pro-special-b\/#primaryimage\"},\"datePublished\":\"2024-10-19T14:23:10+00:00\",\"dateModified\":\"2024-10-19T14:24:49+00:00\",\"breadcrumb\":{\"@id\":\"https:\/\/www.folhaskimboards.com\/es\/loja\/x-pro-special-b\/#breadcrumb\"},\"inLanguage\":\"es\",\"potentialAction\":[{\"@type\":\"ReadAction\",\"target\":[\"https:\/\/www.folhaskimboards.com\/es\/loja\/x-pro-special-b\/\"]}]},{\"@type\":\"BreadcrumbList\",\"@id\":\"https:\/\/www.folhaskimboards.com\/es\/loja\/x-pro-special-b\/#breadcrumb\",\"itemListElement\":[{\"@type\":\"ListItem\",\"position\":1,\"name\":\"Home\",\"item\":\"https:\/\/www.folhaskimboards.com\/es\/\"},{\"@type\":\"ListItem\",\"position\":2,\"name\":\"Tienda\",\"item\":\"https:\/\/www.folhaskimboards.com\/es\/tienda\/\"},{\"@type\":\"ListItem\",\"position\":3,\"name\":\"X-Pro Special B\"}]}]}<\/script>\n<!-- \/ Yoast SEO plugin. -->","yoast_head_json":{"title":"X-Pro Special B - Folha Skim Boards","robots":{"index":"index","follow":"follow","max-snippet":"max-snippet:-1","max-image-preview":"max-image-preview:large","max-video-preview":"max-video-preview:-1"},"canonical":"https:\/\/www.folhaskimboards.com\/es\/loja\/x-pro-special-b\/","og_locale":"es_ES","og_type":"article","og_title":"X-Pro Special B - Folha Skim Boards","og_description":"Modelo indicado para skimers avanzados y competici\u00f3n. Ver caracter\u00edsticas en \u00abm\u00e1s informaci\u00f3n\u00bb al final de la p\u00e1gina.    Todas nuestras tablas est\u00e1n fabricadas con espuma de polivinilo de la marca suiza AIREX y est\u00e1n reforzadas en la zona del rails por un innovador sistema SRR desarrollado por nuestra marca, haci\u00e9ndolas pr\u00e1cticamente irrompibles.  Ver tablas disponibles en el men\u00fa \u201cStockBoards\u201d e informaci\u00f3n en el men\u00fa \u201cPromociones\u201d","og_url":"https:\/\/www.folhaskimboards.com\/es\/loja\/x-pro-special-b\/","og_site_name":"Folha Skim Boards","article_modified_time":"2024-10-19T14:24:49+00:00","og_image":[{"width":600,"height":600,"url":"https:\/\/www.folhaskimboards.com\/wp-content\/uploads\/2024\/10\/x-pro-special-NOVO-B.jpg","path":"\/home\/folhaski\/public_html\/wp-content\/uploads\/2024\/10\/x-pro-special-NOVO-B.jpg","size":"full","id":6719,"alt":"","pixels":360000,"type":"image\/jpeg"}],"twitter_card":"summary_large_image","twitter_misc":{"Tiempo de lectura":"2 minutos"},"schema":{"@context":"https:\/\/schema.org","@graph":[{"@type":"WebSite","@id":"https:\/\/www.folhaskimboards.com\/#website","url":"https:\/\/www.folhaskimboards.com\/","name":"Folha Skim Boards","description":"","potentialAction":[{"@type":"SearchAction","target":{"@type":"EntryPoint","urlTemplate":"https:\/\/www.folhaskimboards.com\/?s={search_term_string}"},"query-input":"required name=search_term_string"}],"inLanguage":"es"},{"@type":"ImageObject","@id":"https:\/\/www.folhaskimboards.com\/es\/loja\/x-pro-special-b\/#primaryimage","inLanguage":"es","url":"https:\/\/www.folhaskimboards.com\/wp-content\/uploads\/2024\/10\/x-pro-special-NOVO-B.jpg","contentUrl":"https:\/\/www.folhaskimboards.com\/wp-content\/uploads\/2024\/10\/x-pro-special-NOVO-B.jpg","width":600,"height":600},{"@type":"WebPage","@id":"https:\/\/www.folhaskimboards.com\/es\/loja\/x-pro-special-b\/#webpage","url":"https:\/\/www.folhaskimboards.com\/es\/loja\/x-pro-special-b\/","name":"X-Pro Special B - Folha Skim Boards","isPartOf":{"@id":"https:\/\/www.folhaskimboards.com\/#website"},"primaryImageOfPage":{"@id":"https:\/\/www.folhaskimboards.com\/es\/loja\/x-pro-special-b\/#primaryimage"},"datePublished":"2024-10-19T14:23:10+00:00","dateModified":"2024-10-19T14:24:49+00:00","breadcrumb":{"@id":"https:\/\/www.folhaskimboards.com\/es\/loja\/x-pro-special-b\/#breadcrumb"},"inLanguage":"es","potentialAction":[{"@type":"ReadAction","target":["https:\/\/www.folhaskimboards.com\/es\/loja\/x-pro-special-b\/"]}]},{"@type":"BreadcrumbList","@id":"https:\/\/www.folhaskimboards.com\/es\/loja\/x-pro-special-b\/#breadcrumb","itemListElement":[{"@type":"ListItem","position":1,"name":"Home","item":"https:\/\/www.folhaskimboards.com\/es\/"},{"@type":"ListItem","position":2,"name":"Tienda","item":"https:\/\/www.folhaskimboards.com\/es\/tienda\/"},{"@type":"ListItem","position":3,"name":"X-Pro Special B"}]}]}},"_links":{"self":[{"href":"https:\/\/www.folhaskimboards.com\/es\/wp-json\/wp\/v2\/product\/6716"}],"collection":[{"href":"https:\/\/www.folhaskimboards.com\/es\/wp-json\/wp\/v2\/product"}],"about":[{"href":"https:\/\/www.folhaskimboards.com\/es\/wp-json\/wp\/v2\/types\/product"}],"wp:featuredmedia":[{"embeddable":true,"href":"https:\/\/www.folhaskimboards.com\/es\/wp-json\/wp\/v2\/media\/6719"}],"wp:attachment":[{"href":"https:\/\/www.folhaskimboards.com\/es\/wp-json\/wp\/v2\/media?parent=6716"}],"wp:term":[{"taxonomy":"product_cat","embeddable":true,"href":"https:\/\/www.folhaskimboards.com\/es\/wp-json\/wp\/v2\/product_cat?post=6716"},{"taxonomy":"product_tag","embeddable":true,"href":"https:\/\/www.folhaskimboards.com\/es\/wp-json\/wp\/v2\/product_tag?post=6716"}],"curies":[{"name":"wp","href":"https:\/\/api.w.org\/{rel}","templated":true}]}}