{"id":4665,"date":"2021-09-01T11:55:19","date_gmt":"2021-09-01T10:55:23","guid":{"rendered":"https:\/\/www.folhaskimboards.com\/?post_type=product&#038;p=4665"},"modified":"2026-04-01T11:15:47","modified_gmt":"2026-04-01T10:15:47","slug":"modelos-con-carbono","status":"publish","type":"product","link":"https:\/\/www.folhaskimboards.com\/es\/loja\/modelos-con-carbono\/","title":{"rendered":"Modelos con Carbono"},"content":{"rendered":"<p>Tienen las mismas caracter\u00edsticas t\u00e9cnicas que las versiones normales de los respectivos modelos, pero con estas particularidades:<\/p>\n<p>1) Mayor resistencia y \u200b\u200brigidez<br \/>\n2) Aspecto de carbono \u00fanico en la parte superior y aspecto mixto blanco y negro en la parte inferior<br \/>\n3) M\u00e1s ligero que los modelos en Cork<br \/>\n4) Puedes elegir el tipo de acabado superior (Texturizado o Texturizado Especial + 10 \u20ac)<br \/>\n5) En los modelos Foamcolor, Wave y Evolution, puedes elegir la talla m\u00e1s adecuada en funci\u00f3n de tu peso<\/p>\n<h3 class=\"pl\"><span style=\"color: #0f448a;\"><strong>Skimkid<\/strong><\/span><\/h3>\n<p>Es ideal para los ni\u00f1os a aprender los conceptos b\u00e1sicos de este deporte, deslizan en las playas planas y que ya quieren iniciar maniobras en las olas. Fabricado en Polyvinil Airex T92.100 con 12mm y Corecork NL20 de 2mm de espesor, resina poli\u00e9ster y fibra de vidro E-Glass.<br \/>\n<strong>Peso da la tabla:\u00a0<\/strong>1,2Kg<\/p>\n<p><a href=\"https:\/\/www.folhaskimboards.com\/wp-content\/uploads\/2018\/11\/Low-Cost-Skimkid.jpg\"><img class=\"alignnone wp-image-1945\" src=\"https:\/\/www.folhaskimboards.com\/wp-content\/uploads\/2018\/11\/Low-Cost-Skimkid.jpg\" alt=\"\" width=\"402\" height=\"188\" srcset=\"https:\/\/www.folhaskimboards.com\/wp-content\/uploads\/2018\/11\/Low-Cost-Skimkid-200x94.jpg 200w, https:\/\/www.folhaskimboards.com\/wp-content\/uploads\/2018\/11\/Low-Cost-Skimkid-300x140.jpg 300w, https:\/\/www.folhaskimboards.com\/wp-content\/uploads\/2018\/11\/Low-Cost-Skimkid-400x187.jpg 400w, https:\/\/www.folhaskimboards.com\/wp-content\/uploads\/2018\/11\/Low-Cost-Skimkid-500x234.jpg 500w, https:\/\/www.folhaskimboards.com\/wp-content\/uploads\/2018\/11\/Low-Cost-Skimkid-600x281.jpg 600w, https:\/\/www.folhaskimboards.com\/wp-content\/uploads\/2018\/11\/Low-Cost-Skimkid-768x359.jpg 768w, https:\/\/www.folhaskimboards.com\/wp-content\/uploads\/2018\/11\/Low-Cost-Skimkid-800x374.jpg 800w, https:\/\/www.folhaskimboards.com\/wp-content\/uploads\/2018\/11\/Low-Cost-Skimkid.jpg 928w\" sizes=\"(max-width: 402px) 100vw, 402px\" \/><\/a><\/p>\n<h3 class=\"pl\"><span style=\"color: #0f448a;\"><strong>Speeder<\/strong><\/span><\/h3>\n<p><span lang=\"es\">Modelo fabricado para quienes gustan de deslizar con gran velocidad en playas planas. Para esa misma finalidad la tabla tiene poca curvatura. No es indicado para las olas como son los otros modelos de nuestra gama. Fabricado en Polyvinil Airex T92.100 con 12mm y Corecork NL20 de 2mm de espesor, resina poli\u00e9ster y fibra de vidro E-Glass.<\/span><br \/>\n<strong>Peso de la tabla:<\/strong> 1,3Kg \u2013 1,6Kg<\/p>\n<p><img class=\"alignnone wp-image-1991\" src=\"https:\/\/www.folhaskimboards.com\/wp-content\/uploads\/2018\/11\/speeder-foto.jpg\" alt=\"\" width=\"403\" height=\"199\" srcset=\"https:\/\/www.folhaskimboards.com\/wp-content\/uploads\/2018\/11\/speeder-foto-200x99.jpg 200w, https:\/\/www.folhaskimboards.com\/wp-content\/uploads\/2018\/11\/speeder-foto-300x148.jpg 300w, https:\/\/www.folhaskimboards.com\/wp-content\/uploads\/2018\/11\/speeder-foto-400x198.jpg 400w, https:\/\/www.folhaskimboards.com\/wp-content\/uploads\/2018\/11\/speeder-foto-500x247.jpg 500w, https:\/\/www.folhaskimboards.com\/wp-content\/uploads\/2018\/11\/speeder-foto-600x296.jpg 600w, https:\/\/www.folhaskimboards.com\/wp-content\/uploads\/2018\/11\/speeder-foto-768x379.jpg 768w, https:\/\/www.folhaskimboards.com\/wp-content\/uploads\/2018\/11\/speeder-foto-800x395.jpg 800w, https:\/\/www.folhaskimboards.com\/wp-content\/uploads\/2018\/11\/speeder-foto.jpg 931w\" sizes=\"(max-width: 403px) 100vw, 403px\" \/><\/p>\n<h3 class=\"pl\"><span style=\"color: #0f448a;\"><strong>Foamcolor<\/strong><\/span><\/h3>\n<p>Es ideal para aquellos que quieren empezar y aprender los fundamentos de este deporte, ya que tiene caracter\u00edsticas adecuadas para ese fin. Son ligeras y tienen buena fluctuaci\u00f3n que permite realizar algunas maniobras en olas peque\u00f1as que le ayudan a evolucionar de una manera correcta y gradual en este deporte. Por estas razones es la versi\u00f3n m\u00e1s utilizada en las escuelas Skimboarding. <span lang=\"es\">Fabricado en Polyvinil Airex C70.55 con 16mm de espesor y Corecork NL20 de 2mm de espesor, resina poli\u00e9ster y fibra de vidro E-Glass.<\/span><br \/>\n<strong>Peso da la tabla:\u00a0<\/strong>1,6Kg \u2013 1,9Kg<\/p>\n<p><a href=\"https:\/\/www.folhaskimboards.com\/wp-content\/uploads\/2018\/11\/Low-Cost-Foamcolor.jpg\"><img class=\"alignnone wp-image-1948\" src=\"https:\/\/www.folhaskimboards.com\/wp-content\/uploads\/2018\/11\/Low-Cost-Foamcolor.jpg\" alt=\"\" width=\"408\" height=\"223\" srcset=\"https:\/\/www.folhaskimboards.com\/wp-content\/uploads\/2018\/11\/Low-Cost-Foamcolor-200x109.jpg 200w, https:\/\/www.folhaskimboards.com\/wp-content\/uploads\/2018\/11\/Low-Cost-Foamcolor-300x164.jpg 300w, https:\/\/www.folhaskimboards.com\/wp-content\/uploads\/2018\/11\/Low-Cost-Foamcolor-400x219.jpg 400w, https:\/\/www.folhaskimboards.com\/wp-content\/uploads\/2018\/11\/Low-Cost-Foamcolor-500x273.jpg 500w, https:\/\/www.folhaskimboards.com\/wp-content\/uploads\/2018\/11\/Low-Cost-Foamcolor-600x328.jpg 600w, https:\/\/www.folhaskimboards.com\/wp-content\/uploads\/2018\/11\/Low-Cost-Foamcolor-768x420.jpg 768w, https:\/\/www.folhaskimboards.com\/wp-content\/uploads\/2018\/11\/Low-Cost-Foamcolor-800x437.jpg 800w, https:\/\/www.folhaskimboards.com\/wp-content\/uploads\/2018\/11\/Low-Cost-Foamcolor.jpg 955w\" sizes=\"(max-width: 408px) 100vw, 408px\" \/><\/a><\/p>\n<h3 class=\"pl\"><span style=\"color: #0f448a;\"><strong>Wave<\/strong><\/span><\/h3>\n<p>Genial para ir a practicar Skimboard en olas medias, ya que los tama\u00f1os disponibles en este modelo son m\u00e1s grandes que los que est\u00e1n disponibles para el modelo Foamcolor. <span lang=\"es\">Fabricado en Polyvinil Airex C70.55 con 16mm de espesor y Corecork NL20 de 2mm de espesor, resina poli\u00e9ster y fibra de vidro E-Glass.<\/span><br \/>\n<strong>Peso da la tabla:\u00a0<\/strong>1,6Kg \u2013 2,1Kg<\/p>\n<p><a href=\"https:\/\/www.folhaskimboards.com\/wp-content\/uploads\/2018\/11\/Low-Cost-Wave.jpg\"><img class=\"alignnone wp-image-1951\" src=\"https:\/\/www.folhaskimboards.com\/wp-content\/uploads\/2018\/11\/Low-Cost-Wave.jpg\" alt=\"\" width=\"411\" height=\"272\" srcset=\"https:\/\/www.folhaskimboards.com\/wp-content\/uploads\/2018\/11\/Low-Cost-Wave-200x133.jpg 200w, https:\/\/www.folhaskimboards.com\/wp-content\/uploads\/2018\/11\/Low-Cost-Wave-300x199.jpg 300w, https:\/\/www.folhaskimboards.com\/wp-content\/uploads\/2018\/11\/Low-Cost-Wave-400x265.jpg 400w, https:\/\/www.folhaskimboards.com\/wp-content\/uploads\/2018\/11\/Low-Cost-Wave-500x331.jpg 500w, https:\/\/www.folhaskimboards.com\/wp-content\/uploads\/2018\/11\/Low-Cost-Wave-600x398.jpg 600w, https:\/\/www.folhaskimboards.com\/wp-content\/uploads\/2018\/11\/Low-Cost-Wave-768x509.jpg 768w, https:\/\/www.folhaskimboards.com\/wp-content\/uploads\/2018\/11\/Low-Cost-Wave-800x530.jpg 800w, https:\/\/www.folhaskimboards.com\/wp-content\/uploads\/2018\/11\/Low-Cost-Wave.jpg 960w\" sizes=\"(max-width: 411px) 100vw, 411px\" \/><\/a><\/p>\n<h3 class=\"pl\"><span style=\"color: #0f448a;\"><strong>Evolution<\/strong><\/span><\/h3>\n<p>Excelente para skimmers ya con cierta experiencia, ya que es un modelo muy r\u00e1pido y buena flotaci\u00f3n. <span lang=\"es\">Fabricado en Polyvinil Airex C70.55 con 16mm de espesor y Corecork NL20 de 2mm de espesor, resina poli\u00e9ster y fibra de vidro E-Glass.<\/span><br \/>\n<strong>Peso da la tabla:\u00a0<\/strong>1,7Kg \u2013 2,3Kg<\/p>\n<p><img class=\"alignnone wp-image-941\" src=\"https:\/\/www.folhaskimboards.com\/wp-content\/uploads\/2017\/03\/SKIMPRO1.jpg\" alt=\"\" width=\"402\" height=\"268\" srcset=\"https:\/\/www.folhaskimboards.com\/wp-content\/uploads\/2017\/03\/SKIMPRO1-120x80.jpg 120w, https:\/\/www.folhaskimboards.com\/wp-content\/uploads\/2017\/03\/SKIMPRO1-200x133.jpg 200w, https:\/\/www.folhaskimboards.com\/wp-content\/uploads\/2017\/03\/SKIMPRO1-300x200.jpg 300w, https:\/\/www.folhaskimboards.com\/wp-content\/uploads\/2017\/03\/SKIMPRO1-400x267.jpg 400w, https:\/\/www.folhaskimboards.com\/wp-content\/uploads\/2017\/03\/SKIMPRO1-500x333.jpg 500w, https:\/\/www.folhaskimboards.com\/wp-content\/uploads\/2017\/03\/SKIMPRO1-600x400.jpg 600w, https:\/\/www.folhaskimboards.com\/wp-content\/uploads\/2017\/03\/SKIMPRO1-768x512.jpg 768w, https:\/\/www.folhaskimboards.com\/wp-content\/uploads\/2017\/03\/SKIMPRO1-800x533.jpg 800w, https:\/\/www.folhaskimboards.com\/wp-content\/uploads\/2017\/03\/SKIMPRO1.jpg 960w\" sizes=\"(max-width: 402px) 100vw, 402px\" \/><\/p>\n<p><strong>Infos\u00a0Materiales:<\/strong><\/p>\n<p><a href=\"http:\/\/www.3accorematerials.com\/products\/airex\/airexreg-c70.html\">http:\/\/www.3accorematerials.com\/products\/airex\/airexreg-c70.html<\/a><br \/>\n<a href=\"http:\/\/www.3accorematerials.com\/products\/airex\/airexreg-t92.html\">http:\/\/www.3accorematerials.com\/products\/airex\/airexreg-t92.html<\/a><\/p>\n<p><span style=\"color: #0000ff;\"><strong>Notas:<\/strong> Si usted quiere su nombre en la tabla, favor de indicarlo en su pedido o p\u00f3ngase en contacto con nosotros. No hay costos adicionales. En lugar de la palabra \u00abCarbon\u00bb, aparecer\u00e1 el nombre y la talla del modelo elegido. Puedes elegir este modelo en color carbono puro, sin el dise\u00f1o blanco, o puedes optar por un dise\u00f1o similar con diferentes colores.<\/span><\/p>\n<p><strong>Consulte \u00abPol\u00edtica y Garant\u00edas de la marca\u00bb en el link FAQ<\/strong><\/p>\n","protected":false},"excerpt":{"rendered":"<p><strong>Modelos principiantes e intermedios con fibra de carbono en la parte superior.<\/strong><\/p>\n<p><em>Ver caracter\u00edsticas en \u00abm\u00e1s informaci\u00f3n\u00bb al final de la p\u00e1gina.<\/em><\/p>\n<p><img class=\"alignnone size-medium wp-image-6590\" src=\"https:\/\/www.folhaskimboards.com\/wp-content\/uploads\/2017\/03\/Airex-SRR-300x77.jpg\" alt=\"\" width=\"300\" height=\"77\" srcset=\"https:\/\/www.folhaskimboards.com\/wp-content\/uploads\/2017\/03\/Airex-SRR-200x51.jpg 200w, https:\/\/www.folhaskimboards.com\/wp-content\/uploads\/2017\/03\/Airex-SRR-300x77.jpg 300w, https:\/\/www.folhaskimboards.com\/wp-content\/uploads\/2017\/03\/Airex-SRR-400x103.jpg 400w, https:\/\/www.folhaskimboards.com\/wp-content\/uploads\/2017\/03\/Airex-SRR.jpg 499w\" sizes=\"(max-width: 300px) 100vw, 300px\" \/><\/p>\n<p>Todas nuestras tablas est\u00e1n fabricadas con espuma de polivinilo de la marca suiza AIREX y est\u00e1n reforzadas en la zona del rails por un innovador sistema SRR desarrollado por nuestra marca, haci\u00e9ndolas pr\u00e1cticamente irrompibles.<\/p>\n<p><span style=\"color: #0000ff;\"><em>Ver tablas disponibles en el men\u00fa \u201c<strong>StockBoards<\/strong>\u201d e informaci\u00f3n en el men\u00fa \u201c<strong>Promociones<\/strong>\u201d<\/em><\/span><\/p>\n<p><strong>SKIMKID<\/strong>: 145 euros<\/p>\n<p><strong>SPEEDER:<\/strong> 160 euros<\/p>\n<p><strong>FOAMCOLOR:<\/strong> 190 euros<\/p>\n<p><strong>WAVE:<\/strong> 210 euros<\/p>\n<p><strong>EVOLUTION:<\/strong> 230 euros<\/p>\n","protected":false},"featured_media":7307,"template":"","meta":[],"product_cat":[20],"product_tag":[],"yoast_head":"<!-- This site is optimized with the Yoast SEO plugin v17.0 - https:\/\/yoast.com\/wordpress\/plugins\/seo\/ -->\n<title>Modelos con Carbono - Folha Skim Boards<\/title>\n<meta name=\"robots\" content=\"index, follow, max-snippet:-1, max-image-preview:large, max-video-preview:-1\" \/>\n<link rel=\"canonical\" href=\"https:\/\/www.folhaskimboards.com\/es\/loja\/modelos-con-carbono\/\" \/>\n<meta property=\"og:locale\" content=\"es_ES\" \/>\n<meta property=\"og:type\" content=\"article\" \/>\n<meta property=\"og:title\" content=\"Modelos con Carbono - Folha Skim Boards\" \/>\n<meta property=\"og:description\" content=\"Modelos principiantes e intermedios con fibra de carbono en la parte superior.  Ver caracter\u00edsticas en \u00abm\u00e1s informaci\u00f3n\u00bb al final de la p\u00e1gina.    Todas nuestras tablas est\u00e1n fabricadas con espuma de polivinilo de la marca suiza AIREX y est\u00e1n reforzadas en la zona del rails por un innovador sistema SRR desarrollado por nuestra marca, haci\u00e9ndolas pr\u00e1cticamente irrompibles.  Ver tablas disponibles en el men\u00fa \u201cStockBoards\u201d e informaci\u00f3n en el men\u00fa \u201cPromociones\u201d  SKIMKID: 145 euros  SPEEDER: 160 euros  FOAMCOLOR: 190 euros  WAVE: 210 euros  EVOLUTION: 230 euros\" \/>\n<meta property=\"og:url\" content=\"https:\/\/www.folhaskimboards.com\/es\/loja\/modelos-con-carbono\/\" \/>\n<meta property=\"og:site_name\" content=\"Folha Skim Boards\" \/>\n<meta property=\"article:modified_time\" content=\"2026-04-01T10:15:47+00:00\" \/>\n<meta property=\"og:image\" content=\"https:\/\/www.folhaskimboards.com\/wp-content\/uploads\/2021\/09\/modelos-cortica-2026-2.jpg\" \/>\n\t<meta property=\"og:image:width\" content=\"600\" \/>\n\t<meta property=\"og:image:height\" content=\"600\" \/>\n<meta name=\"twitter:card\" content=\"summary_large_image\" \/>\n<meta name=\"twitter:label1\" content=\"Tiempo de lectura\" \/>\n\t<meta name=\"twitter:data1\" content=\"4 minutos\" \/>\n<script type=\"application\/ld+json\" class=\"yoast-schema-graph\">{\"@context\":\"https:\/\/schema.org\",\"@graph\":[{\"@type\":\"WebSite\",\"@id\":\"https:\/\/www.folhaskimboards.com\/#website\",\"url\":\"https:\/\/www.folhaskimboards.com\/\",\"name\":\"Folha Skim Boards\",\"description\":\"\",\"potentialAction\":[{\"@type\":\"SearchAction\",\"target\":{\"@type\":\"EntryPoint\",\"urlTemplate\":\"https:\/\/www.folhaskimboards.com\/?s={search_term_string}\"},\"query-input\":\"required name=search_term_string\"}],\"inLanguage\":\"es\"},{\"@type\":\"ImageObject\",\"@id\":\"https:\/\/www.folhaskimboards.com\/es\/loja\/modelos-con-carbono\/#primaryimage\",\"inLanguage\":\"es\",\"url\":\"https:\/\/www.folhaskimboards.com\/wp-content\/uploads\/2021\/09\/modelos-cortica-2026-2.jpg\",\"contentUrl\":\"https:\/\/www.folhaskimboards.com\/wp-content\/uploads\/2021\/09\/modelos-cortica-2026-2.jpg\",\"width\":600,\"height\":600},{\"@type\":\"WebPage\",\"@id\":\"https:\/\/www.folhaskimboards.com\/es\/loja\/modelos-con-carbono\/#webpage\",\"url\":\"https:\/\/www.folhaskimboards.com\/es\/loja\/modelos-con-carbono\/\",\"name\":\"Modelos con Carbono - Folha Skim Boards\",\"isPartOf\":{\"@id\":\"https:\/\/www.folhaskimboards.com\/#website\"},\"primaryImageOfPage\":{\"@id\":\"https:\/\/www.folhaskimboards.com\/es\/loja\/modelos-con-carbono\/#primaryimage\"},\"datePublished\":\"2021-09-01T10:55:23+00:00\",\"dateModified\":\"2026-04-01T10:15:47+00:00\",\"breadcrumb\":{\"@id\":\"https:\/\/www.folhaskimboards.com\/es\/loja\/modelos-con-carbono\/#breadcrumb\"},\"inLanguage\":\"es\",\"potentialAction\":[{\"@type\":\"ReadAction\",\"target\":[\"https:\/\/www.folhaskimboards.com\/es\/loja\/modelos-con-carbono\/\"]}]},{\"@type\":\"BreadcrumbList\",\"@id\":\"https:\/\/www.folhaskimboards.com\/es\/loja\/modelos-con-carbono\/#breadcrumb\",\"itemListElement\":[{\"@type\":\"ListItem\",\"position\":1,\"name\":\"Home\",\"item\":\"https:\/\/www.folhaskimboards.com\/es\/\"},{\"@type\":\"ListItem\",\"position\":2,\"name\":\"Tienda\",\"item\":\"https:\/\/www.folhaskimboards.com\/es\/tienda\/\"},{\"@type\":\"ListItem\",\"position\":3,\"name\":\"Modelos con Carbono\"}]}]}<\/script>\n<!-- \/ Yoast SEO plugin. -->","yoast_head_json":{"title":"Modelos con Carbono - Folha Skim Boards","robots":{"index":"index","follow":"follow","max-snippet":"max-snippet:-1","max-image-preview":"max-image-preview:large","max-video-preview":"max-video-preview:-1"},"canonical":"https:\/\/www.folhaskimboards.com\/es\/loja\/modelos-con-carbono\/","og_locale":"es_ES","og_type":"article","og_title":"Modelos con Carbono - Folha Skim Boards","og_description":"Modelos principiantes e intermedios con fibra de carbono en la parte superior.  Ver caracter\u00edsticas en \u00abm\u00e1s informaci\u00f3n\u00bb al final de la p\u00e1gina.    Todas nuestras tablas est\u00e1n fabricadas con espuma de polivinilo de la marca suiza AIREX y est\u00e1n reforzadas en la zona del rails por un innovador sistema SRR desarrollado por nuestra marca, haci\u00e9ndolas pr\u00e1cticamente irrompibles.  Ver tablas disponibles en el men\u00fa \u201cStockBoards\u201d e informaci\u00f3n en el men\u00fa \u201cPromociones\u201d  SKIMKID: 145 euros  SPEEDER: 160 euros  FOAMCOLOR: 190 euros  WAVE: 210 euros  EVOLUTION: 230 euros","og_url":"https:\/\/www.folhaskimboards.com\/es\/loja\/modelos-con-carbono\/","og_site_name":"Folha Skim Boards","article_modified_time":"2026-04-01T10:15:47+00:00","og_image":[{"width":600,"height":600,"url":"https:\/\/www.folhaskimboards.com\/wp-content\/uploads\/2021\/09\/modelos-cortica-2026-2.jpg","path":"\/home\/folhaski\/public_html\/wp-content\/uploads\/2021\/09\/modelos-cortica-2026-2.jpg","size":"full","id":7307,"alt":"","pixels":360000,"type":"image\/jpeg"}],"twitter_card":"summary_large_image","twitter_misc":{"Tiempo de lectura":"4 minutos"},"schema":{"@context":"https:\/\/schema.org","@graph":[{"@type":"WebSite","@id":"https:\/\/www.folhaskimboards.com\/#website","url":"https:\/\/www.folhaskimboards.com\/","name":"Folha Skim Boards","description":"","potentialAction":[{"@type":"SearchAction","target":{"@type":"EntryPoint","urlTemplate":"https:\/\/www.folhaskimboards.com\/?s={search_term_string}"},"query-input":"required name=search_term_string"}],"inLanguage":"es"},{"@type":"ImageObject","@id":"https:\/\/www.folhaskimboards.com\/es\/loja\/modelos-con-carbono\/#primaryimage","inLanguage":"es","url":"https:\/\/www.folhaskimboards.com\/wp-content\/uploads\/2021\/09\/modelos-cortica-2026-2.jpg","contentUrl":"https:\/\/www.folhaskimboards.com\/wp-content\/uploads\/2021\/09\/modelos-cortica-2026-2.jpg","width":600,"height":600},{"@type":"WebPage","@id":"https:\/\/www.folhaskimboards.com\/es\/loja\/modelos-con-carbono\/#webpage","url":"https:\/\/www.folhaskimboards.com\/es\/loja\/modelos-con-carbono\/","name":"Modelos con Carbono - Folha Skim Boards","isPartOf":{"@id":"https:\/\/www.folhaskimboards.com\/#website"},"primaryImageOfPage":{"@id":"https:\/\/www.folhaskimboards.com\/es\/loja\/modelos-con-carbono\/#primaryimage"},"datePublished":"2021-09-01T10:55:23+00:00","dateModified":"2026-04-01T10:15:47+00:00","breadcrumb":{"@id":"https:\/\/www.folhaskimboards.com\/es\/loja\/modelos-con-carbono\/#breadcrumb"},"inLanguage":"es","potentialAction":[{"@type":"ReadAction","target":["https:\/\/www.folhaskimboards.com\/es\/loja\/modelos-con-carbono\/"]}]},{"@type":"BreadcrumbList","@id":"https:\/\/www.folhaskimboards.com\/es\/loja\/modelos-con-carbono\/#breadcrumb","itemListElement":[{"@type":"ListItem","position":1,"name":"Home","item":"https:\/\/www.folhaskimboards.com\/es\/"},{"@type":"ListItem","position":2,"name":"Tienda","item":"https:\/\/www.folhaskimboards.com\/es\/tienda\/"},{"@type":"ListItem","position":3,"name":"Modelos con Carbono"}]}]}},"_links":{"self":[{"href":"https:\/\/www.folhaskimboards.com\/es\/wp-json\/wp\/v2\/product\/4665"}],"collection":[{"href":"https:\/\/www.folhaskimboards.com\/es\/wp-json\/wp\/v2\/product"}],"about":[{"href":"https:\/\/www.folhaskimboards.com\/es\/wp-json\/wp\/v2\/types\/product"}],"wp:featuredmedia":[{"embeddable":true,"href":"https:\/\/www.folhaskimboards.com\/es\/wp-json\/wp\/v2\/media\/7307"}],"wp:attachment":[{"href":"https:\/\/www.folhaskimboards.com\/es\/wp-json\/wp\/v2\/media?parent=4665"}],"wp:term":[{"taxonomy":"product_cat","embeddable":true,"href":"https:\/\/www.folhaskimboards.com\/es\/wp-json\/wp\/v2\/product_cat?post=4665"},{"taxonomy":"product_tag","embeddable":true,"href":"https:\/\/www.folhaskimboards.com\/es\/wp-json\/wp\/v2\/product_tag?post=4665"}],"curies":[{"name":"wp","href":"https:\/\/api.w.org\/{rel}","templated":true}]}}