{"id":2133,"date":"2019-02-12T11:33:11","date_gmt":"2019-02-12T11:37:14","guid":{"rendered":"https:\/\/www.folhaskimboards.com\/?post_type=product&#038;p=2133"},"modified":"2019-04-03T20:48:39","modified_gmt":"2019-04-03T19:48:39","slug":"decks-soft-style","status":"publish","type":"product","link":"https:\/\/www.folhaskimboards.com\/es\/loja\/decks-soft-style\/","title":{"rendered":"Decks Soft Style"},"content":{"rendered":"<p><img class=\"alignnone size-medium wp-image-2208\" src=\"https:\/\/www.folhaskimboards.com\/wp-content\/uploads\/2017\/02\/DB-Soft-Style-131x300.jpg\" alt=\"\" width=\"131\" height=\"300\" srcset=\"https:\/\/www.folhaskimboards.com\/wp-content\/uploads\/2017\/02\/DB-Soft-Style-131x300.jpg 131w, https:\/\/www.folhaskimboards.com\/wp-content\/uploads\/2017\/02\/DB-Soft-Style-200x459.jpg 200w, https:\/\/www.folhaskimboards.com\/wp-content\/uploads\/2017\/02\/DB-Soft-Style.jpg 300w\" sizes=\"(max-width: 131px) 100vw, 131px\" \/><\/p>\n<p><strong>Grande: 20 \u20ac<\/strong><\/p>\n<p>Altura x Anchura Arriba x Anchura Bajo: 40 cm x 35 cm x 19 cm<\/p>\n<p><strong>Peque\u00f1o: 15\u20ac<\/strong><\/p>\n<p>Altura x Anchura Arriba x Anchura Bajo: 30 cm x 31 cm x 17 cm<\/p>\n<p><strong>CORES DISPONIBLES<\/strong><\/p>\n<p>Negro o Blanco<\/p>\n<p>Auto-adhesivo de excelente adhesivo de goma 3M con ranura de diamante para m\u00e1xima tracci\u00f3n y confort. Es un tipo de material especialmente usado en las tablas de Windsurf y de Paddle. Disponible en 6 mm de espesor,\u00a0<em><strong>pero completamente planos<\/strong><\/em>.<\/p>\n<p>Son los m\u00e1s indicados para modelos de tabla de nivel intermedio y avanzado fabricados por\u00a0<strong>www.folhaskimboards.com<\/strong><\/p>\n<p><strong>INFOS<\/strong><\/p>\n<p>Para colocar este producto que, siga estos pasos:<\/p>\n<p>\u2013 Aseg\u00farese de que la superficie est\u00e9 completamente limpia y seca.<\/p>\n<p>\u2013 Coloque lo Deck en la posici\u00f3n deseada.<\/p>\n<p>\u2013 Despu\u00e9s de saber c\u00f3mo quieres colocar lo Deck en la tabla, toma un l\u00e1piz y contorne\u00e1ndola.<\/p>\n<p>\u2013 Lijar un poco el \u00e1rea donde la zona de la tabla tendr\u00e1 lo Deck.<\/p>\n<p>\u2013 Si el acabado de la tabla es \u201cTexturado\u201d basta limpiar la (nunca use alcohol o acetona) y deje secar bien antes de pegarla.<\/p>\n<p>\u2013 Tira el papel adhesivo de lo Deck.<\/p>\n<p>\u2013 Presiona lo Deck en la tabla con la mano y los dedos hasta que se pegue bien<\/p>\n<p>\u2013 Coloque algo pesado en la parte superior y espere de 12 a 24 horas antes de usar la tabla.<\/p>\n<p><strong>Nota:<\/strong><\/p>\n<p>\u2013 Si algunas de las partes de lo Deck se despega utiliza cola SUPER 3 a base de cianoacrilato.<\/p>\n<p>BOAS OLAS<\/p>\n","protected":false},"excerpt":{"rendered":"<p>Grande: 20 \u20ac Altura x Anchura Arriba x Anchura Bajo: 40 cm x 35 cm x 19 cm Peque\u00f1o: 15\u20ac Altura x Anchura Arriba x Anchura Bajo: 30 cm x 31 cm x 17 cm CORES DISPONIBLES Negro o Blanco Auto-adhesivo de excelente adhesivo de goma 3M con ranura de diamante para m\u00e1xima tracci\u00f3n y [&hellip;]<\/p>\n","protected":false},"featured_media":2205,"template":"","meta":[],"product_cat":[16],"product_tag":[],"yoast_head":"<!-- This site is optimized with the Yoast SEO plugin v17.0 - https:\/\/yoast.com\/wordpress\/plugins\/seo\/ -->\n<title>Decks Soft Style - Folha Skim Boards<\/title>\n<meta name=\"robots\" content=\"index, follow, max-snippet:-1, max-image-preview:large, max-video-preview:-1\" \/>\n<link rel=\"canonical\" href=\"https:\/\/www.folhaskimboards.com\/es\/loja\/decks-soft-style\/\" \/>\n<meta property=\"og:locale\" content=\"es_ES\" \/>\n<meta property=\"og:type\" content=\"article\" \/>\n<meta property=\"og:title\" content=\"Decks Soft Style - Folha Skim Boards\" \/>\n<meta property=\"og:description\" content=\"Grande: 20 \u20ac Altura x Anchura Arriba x Anchura Bajo: 40 cm x 35 cm x 19 cm Peque\u00f1o: 15\u20ac Altura x Anchura Arriba x Anchura Bajo: 30 cm x 31 cm x 17 cm CORES DISPONIBLES Negro o Blanco Auto-adhesivo de excelente adhesivo de goma 3M con ranura de diamante para m\u00e1xima tracci\u00f3n y [&hellip;]\" \/>\n<meta property=\"og:url\" content=\"https:\/\/www.folhaskimboards.com\/es\/loja\/decks-soft-style\/\" \/>\n<meta property=\"og:site_name\" content=\"Folha Skim Boards\" \/>\n<meta property=\"article:modified_time\" content=\"2019-04-03T19:48:39+00:00\" \/>\n<meta property=\"og:image\" content=\"https:\/\/www.folhaskimboards.com\/wp-content\/uploads\/2019\/02\/DECKS-SOFT-SYLE.jpg\" \/>\n\t<meta property=\"og:image:width\" content=\"600\" \/>\n\t<meta property=\"og:image:height\" content=\"600\" \/>\n<meta name=\"twitter:card\" content=\"summary_large_image\" \/>\n<meta name=\"twitter:label1\" content=\"Tiempo de lectura\" \/>\n\t<meta name=\"twitter:data1\" content=\"1 minuto\" \/>\n<script type=\"application\/ld+json\" class=\"yoast-schema-graph\">{\"@context\":\"https:\/\/schema.org\",\"@graph\":[{\"@type\":\"WebSite\",\"@id\":\"https:\/\/www.folhaskimboards.com\/#website\",\"url\":\"https:\/\/www.folhaskimboards.com\/\",\"name\":\"Folha Skim Boards\",\"description\":\"\",\"potentialAction\":[{\"@type\":\"SearchAction\",\"target\":{\"@type\":\"EntryPoint\",\"urlTemplate\":\"https:\/\/www.folhaskimboards.com\/?s={search_term_string}\"},\"query-input\":\"required name=search_term_string\"}],\"inLanguage\":\"es\"},{\"@type\":\"ImageObject\",\"@id\":\"https:\/\/www.folhaskimboards.com\/es\/loja\/decks-soft-style\/#primaryimage\",\"inLanguage\":\"es\",\"url\":\"https:\/\/www.folhaskimboards.com\/wp-content\/uploads\/2019\/02\/DECKS-SOFT-SYLE.jpg\",\"contentUrl\":\"https:\/\/www.folhaskimboards.com\/wp-content\/uploads\/2019\/02\/DECKS-SOFT-SYLE.jpg\",\"width\":600,\"height\":600},{\"@type\":\"WebPage\",\"@id\":\"https:\/\/www.folhaskimboards.com\/es\/loja\/decks-soft-style\/#webpage\",\"url\":\"https:\/\/www.folhaskimboards.com\/es\/loja\/decks-soft-style\/\",\"name\":\"Decks Soft Style - Folha Skim Boards\",\"isPartOf\":{\"@id\":\"https:\/\/www.folhaskimboards.com\/#website\"},\"primaryImageOfPage\":{\"@id\":\"https:\/\/www.folhaskimboards.com\/es\/loja\/decks-soft-style\/#primaryimage\"},\"datePublished\":\"2019-02-12T11:37:14+00:00\",\"dateModified\":\"2019-04-03T19:48:39+00:00\",\"breadcrumb\":{\"@id\":\"https:\/\/www.folhaskimboards.com\/es\/loja\/decks-soft-style\/#breadcrumb\"},\"inLanguage\":\"es\",\"potentialAction\":[{\"@type\":\"ReadAction\",\"target\":[\"https:\/\/www.folhaskimboards.com\/es\/loja\/decks-soft-style\/\"]}]},{\"@type\":\"BreadcrumbList\",\"@id\":\"https:\/\/www.folhaskimboards.com\/es\/loja\/decks-soft-style\/#breadcrumb\",\"itemListElement\":[{\"@type\":\"ListItem\",\"position\":1,\"name\":\"Home\",\"item\":\"https:\/\/www.folhaskimboards.com\/es\/\"},{\"@type\":\"ListItem\",\"position\":2,\"name\":\"Tienda\",\"item\":\"https:\/\/www.folhaskimboards.com\/es\/tienda\/\"},{\"@type\":\"ListItem\",\"position\":3,\"name\":\"Decks Soft Style\"}]}]}<\/script>\n<!-- \/ Yoast SEO plugin. -->","yoast_head_json":{"title":"Decks Soft Style - Folha Skim Boards","robots":{"index":"index","follow":"follow","max-snippet":"max-snippet:-1","max-image-preview":"max-image-preview:large","max-video-preview":"max-video-preview:-1"},"canonical":"https:\/\/www.folhaskimboards.com\/es\/loja\/decks-soft-style\/","og_locale":"es_ES","og_type":"article","og_title":"Decks Soft Style - Folha Skim Boards","og_description":"Grande: 20 \u20ac Altura x Anchura Arriba x Anchura Bajo: 40 cm x 35 cm x 19 cm Peque\u00f1o: 15\u20ac Altura x Anchura Arriba x Anchura Bajo: 30 cm x 31 cm x 17 cm CORES DISPONIBLES Negro o Blanco Auto-adhesivo de excelente adhesivo de goma 3M con ranura de diamante para m\u00e1xima tracci\u00f3n y [&hellip;]","og_url":"https:\/\/www.folhaskimboards.com\/es\/loja\/decks-soft-style\/","og_site_name":"Folha Skim Boards","article_modified_time":"2019-04-03T19:48:39+00:00","og_image":[{"width":600,"height":600,"url":"https:\/\/www.folhaskimboards.com\/wp-content\/uploads\/2019\/02\/DECKS-SOFT-SYLE.jpg","path":"\/home\/folhaski\/public_html\/wp-content\/uploads\/2019\/02\/DECKS-SOFT-SYLE.jpg","size":"full","id":2205,"alt":"","pixels":360000,"type":"image\/jpeg"}],"twitter_card":"summary_large_image","twitter_misc":{"Tiempo de lectura":"1 minuto"},"schema":{"@context":"https:\/\/schema.org","@graph":[{"@type":"WebSite","@id":"https:\/\/www.folhaskimboards.com\/#website","url":"https:\/\/www.folhaskimboards.com\/","name":"Folha Skim Boards","description":"","potentialAction":[{"@type":"SearchAction","target":{"@type":"EntryPoint","urlTemplate":"https:\/\/www.folhaskimboards.com\/?s={search_term_string}"},"query-input":"required name=search_term_string"}],"inLanguage":"es"},{"@type":"ImageObject","@id":"https:\/\/www.folhaskimboards.com\/es\/loja\/decks-soft-style\/#primaryimage","inLanguage":"es","url":"https:\/\/www.folhaskimboards.com\/wp-content\/uploads\/2019\/02\/DECKS-SOFT-SYLE.jpg","contentUrl":"https:\/\/www.folhaskimboards.com\/wp-content\/uploads\/2019\/02\/DECKS-SOFT-SYLE.jpg","width":600,"height":600},{"@type":"WebPage","@id":"https:\/\/www.folhaskimboards.com\/es\/loja\/decks-soft-style\/#webpage","url":"https:\/\/www.folhaskimboards.com\/es\/loja\/decks-soft-style\/","name":"Decks Soft Style - Folha Skim Boards","isPartOf":{"@id":"https:\/\/www.folhaskimboards.com\/#website"},"primaryImageOfPage":{"@id":"https:\/\/www.folhaskimboards.com\/es\/loja\/decks-soft-style\/#primaryimage"},"datePublished":"2019-02-12T11:37:14+00:00","dateModified":"2019-04-03T19:48:39+00:00","breadcrumb":{"@id":"https:\/\/www.folhaskimboards.com\/es\/loja\/decks-soft-style\/#breadcrumb"},"inLanguage":"es","potentialAction":[{"@type":"ReadAction","target":["https:\/\/www.folhaskimboards.com\/es\/loja\/decks-soft-style\/"]}]},{"@type":"BreadcrumbList","@id":"https:\/\/www.folhaskimboards.com\/es\/loja\/decks-soft-style\/#breadcrumb","itemListElement":[{"@type":"ListItem","position":1,"name":"Home","item":"https:\/\/www.folhaskimboards.com\/es\/"},{"@type":"ListItem","position":2,"name":"Tienda","item":"https:\/\/www.folhaskimboards.com\/es\/tienda\/"},{"@type":"ListItem","position":3,"name":"Decks Soft Style"}]}]}},"_links":{"self":[{"href":"https:\/\/www.folhaskimboards.com\/es\/wp-json\/wp\/v2\/product\/2133"}],"collection":[{"href":"https:\/\/www.folhaskimboards.com\/es\/wp-json\/wp\/v2\/product"}],"about":[{"href":"https:\/\/www.folhaskimboards.com\/es\/wp-json\/wp\/v2\/types\/product"}],"wp:featuredmedia":[{"embeddable":true,"href":"https:\/\/www.folhaskimboards.com\/es\/wp-json\/wp\/v2\/media\/2205"}],"wp:attachment":[{"href":"https:\/\/www.folhaskimboards.com\/es\/wp-json\/wp\/v2\/media?parent=2133"}],"wp:term":[{"taxonomy":"product_cat","embeddable":true,"href":"https:\/\/www.folhaskimboards.com\/es\/wp-json\/wp\/v2\/product_cat?post=2133"},{"taxonomy":"product_tag","embeddable":true,"href":"https:\/\/www.folhaskimboards.com\/es\/wp-json\/wp\/v2\/product_tag?post=2133"}],"curies":[{"name":"wp","href":"https:\/\/api.w.org\/{rel}","templated":true}]}}